{"id":995,"date":"2025-09-29T14:24:41","date_gmt":"2025-09-29T12:24:41","guid":{"rendered":"https:\/\/winners-szkolenia.pl\/?page_id=995"},"modified":"2026-03-10T15:03:38","modified_gmt":"2026-03-10T14:03:38","slug":"szkolenia-z-marketingu","status":"publish","type":"page","link":"https:\/\/winners-szkolenia.pl\/index.php\/szkolenia-z-marketingu\/","title":{"rendered":"Szkolenia z Marketingu"},"content":{"rendered":"\t\t<div data-elementor-type=\"wp-page\" data-elementor-id=\"995\" class=\"elementor elementor-995\">\n\t\t\t\t<div class=\"elementor-element elementor-element-78c1806a e-flex e-con-boxed e-con e-parent\" data-id=\"78c1806a\" data-element_type=\"container\" data-e-type=\"container\" data-settings=\"{&quot;background_background&quot;:&quot;classic&quot;}\">\n\t\t\t\t\t<div class=\"e-con-inner\">\n\t\t<div class=\"elementor-element elementor-element-1a91301b e-con-full e-flex e-con e-child\" data-id=\"1a91301b\" data-element_type=\"container\" data-e-type=\"container\">\n\t\t\t\t<div class=\"elementor-element elementor-element-f58b6df elementor-widget-divider--view-line elementor-widget elementor-widget-divider\" data-id=\"f58b6df\" data-element_type=\"widget\" data-e-type=\"widget\" data-widget_type=\"divider.default\">\n\t\t\t\t<div class=\"elementor-widget-container\">\n\t\t\t\t\t\t\t<div class=\"elementor-divider\">\n\t\t\t<span class=\"elementor-divider-separator\">\n\t\t\t\t\t\t<\/span>\n\t\t<\/div>\n\t\t\t\t\t\t<\/div>\n\t\t\t\t<\/div>\n\t\t\t\t<div class=\"elementor-element elementor-element-3413a48 elementor-widget elementor-widget-heading\" data-id=\"3413a48\" data-element_type=\"widget\" data-e-type=\"widget\" data-widget_type=\"heading.default\">\n\t\t\t\t<div class=\"elementor-widget-container\">\n\t\t\t\t\t<h1 class=\"elementor-heading-title elementor-size-default\">Szkolenia marketingowe \u2013 szkolenia otwarte online<\/h1>\t\t\t\t<\/div>\n\t\t\t\t<\/div>\n\t\t\t\t<div class=\"elementor-element elementor-element-2a4d1aae elementor-widget elementor-widget-text-editor\" data-id=\"2a4d1aae\" data-element_type=\"widget\" data-e-type=\"widget\" data-widget_type=\"text-editor.default\">\n\t\t\t\t<div class=\"elementor-widget-container\">\n\t\t\t\t\t\t\t\t\t<p data-start=\"219\" data-end=\"563\">Oferujemy <strong data-start=\"229\" data-end=\"281\">szkolenia marketingowe w formule otwartej online<\/strong>, skierowane do specjalist\u00f3w ds. marketingu, w\u0142a\u015bcicieli firm oraz os\u00f3b odpowiedzialnych za promocj\u0119, komunikacj\u0119 i rozw\u00f3j marki. Programy koncentruj\u0105 si\u0119 na <strong data-start=\"439\" data-end=\"512\">praktycznych aspektach planowania i realizacji dzia\u0142a\u0144 marketingowych<\/strong> w dynamicznie zmieniaj\u0105cym si\u0119 otoczeniu rynkowym.<\/p><p data-start=\"914\" data-end=\"1259\">\u00a0<\/p>\t\t\t\t\t\t\t\t<\/div>\n\t\t\t\t<\/div>\n\t\t\t\t<\/div>\n\t\t\t\t\t<\/div>\n\t\t\t\t<\/div>\n\t\t<div class=\"elementor-element elementor-element-4a5fa032 e-flex e-con-boxed e-con e-parent\" data-id=\"4a5fa032\" data-element_type=\"container\" data-e-type=\"container\">\n\t\t\t\t\t<div class=\"e-con-inner\">\n\t\t<div class=\"elementor-element elementor-element-314fcd91 e-con-full e-flex e-con e-child\" data-id=\"314fcd91\" data-element_type=\"container\" data-e-type=\"container\">\n\t\t<div class=\"elementor-element elementor-element-2115c5b4 e-con-full e-flex e-con e-child\" data-id=\"2115c5b4\" data-element_type=\"container\" data-e-type=\"container\" data-settings=\"{&quot;background_background&quot;:&quot;classic&quot;}\">\n\t\t\t\t<div class=\"elementor-element elementor-element-4aa23c38 elementor-widget elementor-widget-image\" data-id=\"4aa23c38\" data-element_type=\"widget\" data-e-type=\"widget\" data-widget_type=\"image.default\">\n\t\t\t\t<div class=\"elementor-widget-container\">\n\t\t\t\t\t\t\t\t\t\t\t\t\t\t\t\t<a href=\"https:\/\/winners-szkolenia.pl\/wp-content\/uploads\/2026\/03\/strategia-marketingowa-od-podstaw.pdf\" target=\"_blank\">\n\t\t\t\t\t\t\t<img fetchpriority=\"high\" decoding=\"async\" width=\"768\" height=\"430\" src=\"https:\/\/winners-szkolenia.pl\/wp-content\/uploads\/2026\/01\/18-768x430.png\" class=\"attachment-medium_large size-medium_large wp-image-2129\" alt=\"\" srcset=\"https:\/\/winners-szkolenia.pl\/wp-content\/uploads\/2026\/01\/18-768x430.png 768w, https:\/\/winners-szkolenia.pl\/wp-content\/uploads\/2026\/01\/18-300x168.png 300w, https:\/\/winners-szkolenia.pl\/wp-content\/uploads\/2026\/01\/18-1024x573.png 1024w, https:\/\/winners-szkolenia.pl\/wp-content\/uploads\/2026\/01\/18-1536x860.png 1536w, https:\/\/winners-szkolenia.pl\/wp-content\/uploads\/2026\/01\/18.png 1600w\" sizes=\"(max-width: 768px) 100vw, 768px\" \/>\t\t\t\t\t\t\t\t<\/a>\n\t\t\t\t\t\t\t\t\t\t\t\t\t\t\t<\/div>\n\t\t\t\t<\/div>\n\t\t<div class=\"elementor-element elementor-element-6dd8e352 e-con-full e-flex e-con e-child\" data-id=\"6dd8e352\" data-element_type=\"container\" data-e-type=\"container\" data-settings=\"{&quot;background_background&quot;:&quot;classic&quot;}\">\n\t\t\t\t<div class=\"elementor-element elementor-element-599ff7b2 elementor-align-center elementor-widget__width-initial elementor-widget elementor-widget-button\" data-id=\"599ff7b2\" data-element_type=\"widget\" data-e-type=\"widget\" data-widget_type=\"button.default\">\n\t\t\t\t<div class=\"elementor-widget-container\">\n\t\t\t\t\t\t\t\t\t<div class=\"elementor-button-wrapper\">\n\t\t\t\t\t<a class=\"elementor-button elementor-button-link elementor-size-sm\" href=\"https:\/\/winners-szkolenia.pl\/wp-content\/uploads\/2026\/03\/strategia-marketingowa-od-podstaw.pdf\" target=\"_blank\">\n\t\t\t\t\t\t<span class=\"elementor-button-content-wrapper\">\n\t\t\t\t\t\t\t\t\t<span class=\"elementor-button-text\">Pobierz ofert\u0119<\/span>\n\t\t\t\t\t<\/span>\n\t\t\t\t\t<\/a>\n\t\t\t\t<\/div>\n\t\t\t\t\t\t\t\t<\/div>\n\t\t\t\t<\/div>\n\t\t\t\t<div class=\"elementor-element elementor-element-49b2d676 elementor-align-center elementor-widget elementor-widget-button\" data-id=\"49b2d676\" data-element_type=\"widget\" data-e-type=\"widget\" data-widget_type=\"button.default\">\n\t\t\t\t<div class=\"elementor-widget-container\">\n\t\t\t\t\t\t\t\t\t<div class=\"elementor-button-wrapper\">\n\t\t\t\t\t<a class=\"elementor-button elementor-button-link elementor-size-sm\" href=\"https:\/\/winners-szkolenia.pl\/wp-content\/uploads\/2026\/01\/Zgloszenie_Winners_online_BV.pdf\" target=\"_blank\">\n\t\t\t\t\t\t<span class=\"elementor-button-content-wrapper\">\n\t\t\t\t\t\t\t\t\t<span class=\"elementor-button-text\">Pobierz formularz zg\u0142oszeniowy<\/span>\n\t\t\t\t\t<\/span>\n\t\t\t\t\t<\/a>\n\t\t\t\t<\/div>\n\t\t\t\t\t\t\t\t<\/div>\n\t\t\t\t<\/div>\n\t\t\t\t<\/div>\n\t\t\t\t<\/div>\n\t\t<div class=\"elementor-element elementor-element-7e3ba582 e-con-full e-flex e-con e-child\" data-id=\"7e3ba582\" data-element_type=\"container\" data-e-type=\"container\" data-settings=\"{&quot;background_background&quot;:&quot;classic&quot;}\">\n\t\t\t\t<div class=\"elementor-element elementor-element-46b7198c elementor-widget elementor-widget-image\" data-id=\"46b7198c\" data-element_type=\"widget\" data-e-type=\"widget\" data-widget_type=\"image.default\">\n\t\t\t\t<div class=\"elementor-widget-container\">\n\t\t\t\t\t\t\t\t\t\t\t\t\t\t\t\t<a href=\"https:\/\/winners-szkolenia.pl\/wp-content\/uploads\/2026\/03\/Od-analizy-do-strategi.pdf\" target=\"_blank\">\n\t\t\t\t\t\t\t<img decoding=\"async\" width=\"768\" height=\"430\" src=\"https:\/\/winners-szkolenia.pl\/wp-content\/uploads\/2026\/01\/19-768x430.png\" class=\"attachment-medium_large size-medium_large wp-image-2130\" alt=\"\" srcset=\"https:\/\/winners-szkolenia.pl\/wp-content\/uploads\/2026\/01\/19-768x430.png 768w, https:\/\/winners-szkolenia.pl\/wp-content\/uploads\/2026\/01\/19-300x168.png 300w, https:\/\/winners-szkolenia.pl\/wp-content\/uploads\/2026\/01\/19-1024x573.png 1024w, https:\/\/winners-szkolenia.pl\/wp-content\/uploads\/2026\/01\/19-1536x860.png 1536w, https:\/\/winners-szkolenia.pl\/wp-content\/uploads\/2026\/01\/19.png 1600w\" sizes=\"(max-width: 768px) 100vw, 768px\" \/>\t\t\t\t\t\t\t\t<\/a>\n\t\t\t\t\t\t\t\t\t\t\t\t\t\t\t<\/div>\n\t\t\t\t<\/div>\n\t\t<div class=\"elementor-element elementor-element-4b72f9da e-con-full e-flex e-con e-child\" data-id=\"4b72f9da\" data-element_type=\"container\" data-e-type=\"container\" data-settings=\"{&quot;background_background&quot;:&quot;classic&quot;}\">\n\t\t\t\t<div class=\"elementor-element elementor-element-3b10ee40 elementor-align-center elementor-widget__width-initial elementor-widget elementor-widget-button\" data-id=\"3b10ee40\" data-element_type=\"widget\" data-e-type=\"widget\" data-widget_type=\"button.default\">\n\t\t\t\t<div class=\"elementor-widget-container\">\n\t\t\t\t\t\t\t\t\t<div class=\"elementor-button-wrapper\">\n\t\t\t\t\t<a class=\"elementor-button elementor-button-link elementor-size-sm\" href=\"https:\/\/winners-szkolenia.pl\/wp-content\/uploads\/2026\/03\/Od-analizy-do-strategi.pdf\" target=\"_blank\">\n\t\t\t\t\t\t<span class=\"elementor-button-content-wrapper\">\n\t\t\t\t\t\t\t\t\t<span class=\"elementor-button-text\">Pobierz ofert\u0119<\/span>\n\t\t\t\t\t<\/span>\n\t\t\t\t\t<\/a>\n\t\t\t\t<\/div>\n\t\t\t\t\t\t\t\t<\/div>\n\t\t\t\t<\/div>\n\t\t\t\t<div class=\"elementor-element elementor-element-4b3b4a96 elementor-align-center elementor-widget elementor-widget-button\" data-id=\"4b3b4a96\" data-element_type=\"widget\" data-e-type=\"widget\" data-widget_type=\"button.default\">\n\t\t\t\t<div class=\"elementor-widget-container\">\n\t\t\t\t\t\t\t\t\t<div class=\"elementor-button-wrapper\">\n\t\t\t\t\t<a class=\"elementor-button elementor-button-link elementor-size-sm\" href=\"https:\/\/winners-szkolenia.pl\/wp-content\/uploads\/2026\/01\/Zgloszenie_Winners_online_BV.pdf\" target=\"_blank\">\n\t\t\t\t\t\t<span class=\"elementor-button-content-wrapper\">\n\t\t\t\t\t\t\t\t\t<span class=\"elementor-button-text\">Pobierz formularz zg\u0142oszeniowy<\/span>\n\t\t\t\t\t<\/span>\n\t\t\t\t\t<\/a>\n\t\t\t\t<\/div>\n\t\t\t\t\t\t\t\t<\/div>\n\t\t\t\t<\/div>\n\t\t\t\t<\/div>\n\t\t\t\t<\/div>\n\t\t\t\t<\/div>\n\t\t\t\t\t<\/div>\n\t\t\t\t<\/div>\n\t\t\t\t<\/div>\n\t\t","protected":false},"excerpt":{"rendered":"<p>Szkolenia marketingowe \u2013 szkolenia otwarte online Oferujemy szkolenia marketingowe w formule otwartej online, skierowane do specjalist\u00f3w ds. marketingu, w\u0142a\u015bcicieli firm [&hellip;]<\/p>\n","protected":false},"author":1,"featured_media":0,"parent":0,"menu_order":0,"comment_status":"closed","ping_status":"closed","template":"elementor_canvas","meta":{"_eb_attr":"","site-sidebar-layout":"no-sidebar","site-content-layout":"","ast-site-content-layout":"full-width-container","site-content-style":"default","site-sidebar-style":"default","ast-global-header-display":"","ast-banner-title-visibility":"","ast-main-header-display":"","ast-hfb-above-header-display":"","ast-hfb-below-header-display":"","ast-hfb-mobile-header-display":"","site-post-title":"","ast-breadcrumbs-content":"","ast-featured-img":"disabled","footer-sml-layout":"","ast-disable-related-posts":"","theme-transparent-header-meta":"","adv-header-id-meta":"","stick-header-meta":"","header-above-stick-meta":"","header-main-stick-meta":"","header-below-stick-meta":"","astra-migrate-meta-layouts":"default","ast-page-background-enabled":"default","ast-page-background-meta":{"desktop":{"background-color":"var(--ast-global-color-4)","background-image":"","background-repeat":"repeat","background-position":"center center","background-size":"auto","background-attachment":"scroll","background-type":"","background-media":"","overlay-type":"","overlay-color":"","overlay-opacity":"","overlay-gradient":""},"tablet":{"background-color":"","background-image":"","background-repeat":"repeat","background-position":"center center","background-size":"auto","background-attachment":"scroll","background-type":"","background-media":"","overlay-type":"","overlay-color":"","overlay-opacity":"","overlay-gradient":""},"mobile":{"background-color":"","background-image":"","background-repeat":"repeat","background-position":"center center","background-size":"auto","background-attachment":"scroll","background-type":"","background-media":"","overlay-type":"","overlay-color":"","overlay-opacity":"","overlay-gradient":""}},"ast-content-background-meta":{"desktop":{"background-color":"var(--ast-global-color-5)","background-image":"","background-repeat":"repeat","background-position":"center center","background-size":"auto","background-attachment":"scroll","background-type":"","background-media":"","overlay-type":"","overlay-color":"","overlay-opacity":"","overlay-gradient":""},"tablet":{"background-color":"var(--ast-global-color-5)","background-image":"","background-repeat":"repeat","background-position":"center center","background-size":"auto","background-attachment":"scroll","background-type":"","background-media":"","overlay-type":"","overlay-color":"","overlay-opacity":"","overlay-gradient":""},"mobile":{"background-color":"var(--ast-global-color-5)","background-image":"","background-repeat":"repeat","background-position":"center center","background-size":"auto","background-attachment":"scroll","background-type":"","background-media":"","overlay-type":"","overlay-color":"","overlay-opacity":"","overlay-gradient":""}},"footnotes":""},"class_list":["post-995","page","type-page","status-publish","hentry"],"_links":{"self":[{"href":"https:\/\/winners-szkolenia.pl\/index.php\/wp-json\/wp\/v2\/pages\/995","targetHints":{"allow":["GET"]}}],"collection":[{"href":"https:\/\/winners-szkolenia.pl\/index.php\/wp-json\/wp\/v2\/pages"}],"about":[{"href":"https:\/\/winners-szkolenia.pl\/index.php\/wp-json\/wp\/v2\/types\/page"}],"author":[{"embeddable":true,"href":"https:\/\/winners-szkolenia.pl\/index.php\/wp-json\/wp\/v2\/users\/1"}],"replies":[{"embeddable":true,"href":"https:\/\/winners-szkolenia.pl\/index.php\/wp-json\/wp\/v2\/comments?post=995"}],"version-history":[{"count":49,"href":"https:\/\/winners-szkolenia.pl\/index.php\/wp-json\/wp\/v2\/pages\/995\/revisions"}],"predecessor-version":[{"id":2512,"href":"https:\/\/winners-szkolenia.pl\/index.php\/wp-json\/wp\/v2\/pages\/995\/revisions\/2512"}],"wp:attachment":[{"href":"https:\/\/winners-szkolenia.pl\/index.php\/wp-json\/wp\/v2\/media?parent=995"}],"curies":[{"name":"wp","href":"https:\/\/api.w.org\/{rel}","templated":true}]}}