{"id":992,"date":"2025-09-29T14:23:01","date_gmt":"2025-09-29T12:23:01","guid":{"rendered":"https:\/\/winners-szkolenia.pl\/?page_id=992"},"modified":"2026-04-23T12:51:14","modified_gmt":"2026-04-23T10:51:14","slug":"szkolenia-z-ai-dla-biznesu","status":"publish","type":"page","link":"https:\/\/winners-szkolenia.pl\/index.php\/szkolenia-z-ai-dla-biznesu\/","title":{"rendered":"Szkolenia z AI dla biznesu"},"content":{"rendered":"\t\t<div data-elementor-type=\"wp-page\" data-elementor-id=\"992\" class=\"elementor elementor-992\">\n\t\t\t\t<div class=\"elementor-element elementor-element-7a288261 e-flex e-con-boxed e-con e-parent\" data-id=\"7a288261\" data-element_type=\"container\" data-e-type=\"container\" data-settings=\"{&quot;background_background&quot;:&quot;classic&quot;}\">\n\t\t\t\t\t<div class=\"e-con-inner\">\n\t\t<div class=\"elementor-element elementor-element-17918a42 e-con-full e-flex e-con e-child\" data-id=\"17918a42\" data-element_type=\"container\" data-e-type=\"container\">\n\t\t\t\t<div class=\"elementor-element elementor-element-708c3cf9 elementor-widget-divider--view-line elementor-widget elementor-widget-divider\" data-id=\"708c3cf9\" data-element_type=\"widget\" data-e-type=\"widget\" data-widget_type=\"divider.default\">\n\t\t\t\t<div class=\"elementor-widget-container\">\n\t\t\t\t\t\t\t<div class=\"elementor-divider\">\n\t\t\t<span class=\"elementor-divider-separator\">\n\t\t\t\t\t\t<\/span>\n\t\t<\/div>\n\t\t\t\t\t\t<\/div>\n\t\t\t\t<\/div>\n\t\t\t\t<div class=\"elementor-element elementor-element-4fee23e6 elementor-widget elementor-widget-heading\" data-id=\"4fee23e6\" data-element_type=\"widget\" data-e-type=\"widget\" data-widget_type=\"heading.default\">\n\t\t\t\t<div class=\"elementor-widget-container\">\n\t\t\t\t\t<h1 class=\"elementor-heading-title elementor-size-default\"><h1 data-elementor-setting-key=\"title\" data-pen-placeholder=\"Pisz tutaj...\"><font color=\"#ffffff\" face=\"Bona Nova, sans-serif\"><span style=\"font-size: 64.0001px\">Odkryj nasz\u0105 ofert\u0119 szkole\u0144 online na \u017cywo<\/span><\/font><span style=\", sans-serif;font-size: 3.55556rem;font-style: inherit\"><\/span><\/h1><\/h1>\t\t\t\t<\/div>\n\t\t\t\t<\/div>\n\t\t\t\t<div class=\"elementor-element elementor-element-2b228d52 elementor-widget elementor-widget-text-editor\" data-id=\"2b228d52\" data-element_type=\"widget\" data-e-type=\"widget\" data-widget_type=\"text-editor.default\">\n\t\t\t\t<div class=\"elementor-widget-container\">\n\t\t\t\t\t\t\t\t\t<p>-dla os\u00f3b, kt\u00f3re \u015bledz\u0105 trendy i chc\u0105 wdra\u017ca\u0107 rozwi\u0105zania oparte na sztucznej inteligencji w biznesie.<\/p>\t\t\t\t\t\t\t\t<\/div>\n\t\t\t\t<\/div>\n\t\t\t\t<\/div>\n\t\t\t\t\t<\/div>\n\t\t\t\t<\/div>\n\t\t<div class=\"elementor-element elementor-element-6184d85a e-flex e-con-boxed e-con e-parent\" data-id=\"6184d85a\" data-element_type=\"container\" data-e-type=\"container\">\n\t\t\t\t\t<div class=\"e-con-inner\">\n\t\t<div class=\"elementor-element elementor-element-1fc65152 e-con-full e-flex e-con e-child\" data-id=\"1fc65152\" data-element_type=\"container\" data-e-type=\"container\">\n\t\t<div class=\"elementor-element elementor-element-2e4921df e-con-full e-flex e-con e-child\" data-id=\"2e4921df\" data-element_type=\"container\" data-e-type=\"container\" data-settings=\"{&quot;background_background&quot;:&quot;classic&quot;}\">\n\t\t\t\t<div class=\"elementor-element elementor-element-4cf79c3 elementor-widget elementor-widget-image\" data-id=\"4cf79c3\" data-element_type=\"widget\" data-e-type=\"widget\" data-widget_type=\"image.default\">\n\t\t\t\t<div class=\"elementor-widget-container\">\n\t\t\t\t\t\t\t\t\t\t\t\t\t\t\t\t<a href=\"https:\/\/winners-szkolenia.pl\/wp-content\/uploads\/2026\/04\/Sztuczna-inteligencja-w-biznesie-poziom-podstawowy.pdf\" target=\"_blank\">\n\t\t\t\t\t\t\t<img fetchpriority=\"high\" decoding=\"async\" width=\"768\" height=\"430\" src=\"https:\/\/winners-szkolenia.pl\/wp-content\/uploads\/2026\/01\/Sztuczna-inteligencja-w-biznesie-poziom-podstawowy-768x430.png\" class=\"attachment-medium_large size-medium_large wp-image-2038\" alt=\"\" srcset=\"https:\/\/winners-szkolenia.pl\/wp-content\/uploads\/2026\/01\/Sztuczna-inteligencja-w-biznesie-poziom-podstawowy-768x430.png 768w, https:\/\/winners-szkolenia.pl\/wp-content\/uploads\/2026\/01\/Sztuczna-inteligencja-w-biznesie-poziom-podstawowy-300x168.png 300w, https:\/\/winners-szkolenia.pl\/wp-content\/uploads\/2026\/01\/Sztuczna-inteligencja-w-biznesie-poziom-podstawowy-1024x573.png 1024w, https:\/\/winners-szkolenia.pl\/wp-content\/uploads\/2026\/01\/Sztuczna-inteligencja-w-biznesie-poziom-podstawowy-1536x860.png 1536w, https:\/\/winners-szkolenia.pl\/wp-content\/uploads\/2026\/01\/Sztuczna-inteligencja-w-biznesie-poziom-podstawowy.png 1600w\" sizes=\"(max-width: 768px) 100vw, 768px\" \/>\t\t\t\t\t\t\t\t<\/a>\n\t\t\t\t\t\t\t\t\t\t\t\t\t\t\t<\/div>\n\t\t\t\t<\/div>\n\t\t<div class=\"elementor-element elementor-element-52a53533 e-con-full e-flex e-con e-child\" data-id=\"52a53533\" data-element_type=\"container\" data-e-type=\"container\" data-settings=\"{&quot;background_background&quot;:&quot;classic&quot;}\">\n\t\t\t\t<div class=\"elementor-element elementor-element-5293f012 elementor-align-center elementor-widget__width-initial elementor-widget elementor-widget-button\" data-id=\"5293f012\" data-element_type=\"widget\" data-e-type=\"widget\" data-widget_type=\"button.default\">\n\t\t\t\t<div class=\"elementor-widget-container\">\n\t\t\t\t\t\t\t\t\t<div class=\"elementor-button-wrapper\">\n\t\t\t\t\t<a class=\"elementor-button elementor-button-link elementor-size-sm\" href=\"https:\/\/winners-szkolenia.pl\/wp-content\/uploads\/2026\/04\/Sztuczna-inteligencja-w-biznesie-poziom-podstawowy.pdf\" target=\"_blank\">\n\t\t\t\t\t\t<span class=\"elementor-button-content-wrapper\">\n\t\t\t\t\t\t\t\t\t<span class=\"elementor-button-text\">Pobierz ofert\u0119<\/span>\n\t\t\t\t\t<\/span>\n\t\t\t\t\t<\/a>\n\t\t\t\t<\/div>\n\t\t\t\t\t\t\t\t<\/div>\n\t\t\t\t<\/div>\n\t\t\t\t<div class=\"elementor-element elementor-element-5f7bdfa3 elementor-align-center elementor-widget elementor-widget-button\" data-id=\"5f7bdfa3\" data-element_type=\"widget\" data-e-type=\"widget\" data-widget_type=\"button.default\">\n\t\t\t\t<div class=\"elementor-widget-container\">\n\t\t\t\t\t\t\t\t\t<div class=\"elementor-button-wrapper\">\n\t\t\t\t\t<a class=\"elementor-button elementor-button-link elementor-size-sm\" href=\"https:\/\/winners-szkolenia.pl\/wp-content\/uploads\/2026\/01\/Zgloszenie_Winners_online_BV.pdf\" target=\"_blank\">\n\t\t\t\t\t\t<span class=\"elementor-button-content-wrapper\">\n\t\t\t\t\t\t\t\t\t<span class=\"elementor-button-text\">Pobierz formularz zg\u0142oszeniowy<\/span>\n\t\t\t\t\t<\/span>\n\t\t\t\t\t<\/a>\n\t\t\t\t<\/div>\n\t\t\t\t\t\t\t\t<\/div>\n\t\t\t\t<\/div>\n\t\t\t\t<\/div>\n\t\t\t\t<\/div>\n\t\t<div class=\"elementor-element elementor-element-195011a6 e-con-full e-flex e-con e-child\" data-id=\"195011a6\" data-element_type=\"container\" data-e-type=\"container\" data-settings=\"{&quot;background_background&quot;:&quot;classic&quot;}\">\n\t\t\t\t<div class=\"elementor-element elementor-element-47234716 elementor-widget elementor-widget-image\" data-id=\"47234716\" data-element_type=\"widget\" data-e-type=\"widget\" data-widget_type=\"image.default\">\n\t\t\t\t<div class=\"elementor-widget-container\">\n\t\t\t\t\t\t\t\t\t\t\t\t\t\t\t\t<a href=\"https:\/\/winners-szkolenia.pl\/wp-content\/uploads\/2026\/04\/Sztuczna-inteligencja-w-biznesie-poziom-zaawansowany.pdf\" target=\"_blank\">\n\t\t\t\t\t\t\t<img decoding=\"async\" width=\"768\" height=\"430\" src=\"https:\/\/winners-szkolenia.pl\/wp-content\/uploads\/2026\/01\/Sztuczna-inteligencja-w-biznesie-poziom-zaawansowany-768x430.png\" class=\"attachment-medium_large size-medium_large wp-image-2039\" alt=\"\" srcset=\"https:\/\/winners-szkolenia.pl\/wp-content\/uploads\/2026\/01\/Sztuczna-inteligencja-w-biznesie-poziom-zaawansowany-768x430.png 768w, https:\/\/winners-szkolenia.pl\/wp-content\/uploads\/2026\/01\/Sztuczna-inteligencja-w-biznesie-poziom-zaawansowany-300x168.png 300w, https:\/\/winners-szkolenia.pl\/wp-content\/uploads\/2026\/01\/Sztuczna-inteligencja-w-biznesie-poziom-zaawansowany-1024x573.png 1024w, https:\/\/winners-szkolenia.pl\/wp-content\/uploads\/2026\/01\/Sztuczna-inteligencja-w-biznesie-poziom-zaawansowany-1536x860.png 1536w, https:\/\/winners-szkolenia.pl\/wp-content\/uploads\/2026\/01\/Sztuczna-inteligencja-w-biznesie-poziom-zaawansowany.png 1600w\" sizes=\"(max-width: 768px) 100vw, 768px\" \/>\t\t\t\t\t\t\t\t<\/a>\n\t\t\t\t\t\t\t\t\t\t\t\t\t\t\t<\/div>\n\t\t\t\t<\/div>\n\t\t<div class=\"elementor-element elementor-element-60d477fb e-con-full e-flex e-con e-child\" data-id=\"60d477fb\" data-element_type=\"container\" data-e-type=\"container\" data-settings=\"{&quot;background_background&quot;:&quot;classic&quot;}\">\n\t\t\t\t<div class=\"elementor-element elementor-element-5cf6014f elementor-align-center elementor-widget__width-initial elementor-widget elementor-widget-button\" data-id=\"5cf6014f\" data-element_type=\"widget\" data-e-type=\"widget\" data-widget_type=\"button.default\">\n\t\t\t\t<div class=\"elementor-widget-container\">\n\t\t\t\t\t\t\t\t\t<div class=\"elementor-button-wrapper\">\n\t\t\t\t\t<a class=\"elementor-button elementor-button-link elementor-size-sm\" href=\"https:\/\/winners-szkolenia.pl\/wp-content\/uploads\/2026\/04\/Sztuczna-inteligencja-w-biznesie-poziom-zaawansowany.pdf\" target=\"_blank\">\n\t\t\t\t\t\t<span class=\"elementor-button-content-wrapper\">\n\t\t\t\t\t\t\t\t\t<span class=\"elementor-button-text\">Pobierz ofert\u0119<\/span>\n\t\t\t\t\t<\/span>\n\t\t\t\t\t<\/a>\n\t\t\t\t<\/div>\n\t\t\t\t\t\t\t\t<\/div>\n\t\t\t\t<\/div>\n\t\t\t\t<div class=\"elementor-element elementor-element-57a0e217 elementor-align-center elementor-widget elementor-widget-button\" data-id=\"57a0e217\" data-element_type=\"widget\" data-e-type=\"widget\" data-widget_type=\"button.default\">\n\t\t\t\t<div class=\"elementor-widget-container\">\n\t\t\t\t\t\t\t\t\t<div class=\"elementor-button-wrapper\">\n\t\t\t\t\t<a class=\"elementor-button elementor-button-link elementor-size-sm\" href=\"https:\/\/winners-szkolenia.pl\/wp-content\/uploads\/2026\/01\/Zgloszenie_Winners_online_BV.pdf\" target=\"_blank\">\n\t\t\t\t\t\t<span class=\"elementor-button-content-wrapper\">\n\t\t\t\t\t\t\t\t\t<span class=\"elementor-button-text\">Pobierz formularz zg\u0142oszeniowy<\/span>\n\t\t\t\t\t<\/span>\n\t\t\t\t\t<\/a>\n\t\t\t\t<\/div>\n\t\t\t\t\t\t\t\t<\/div>\n\t\t\t\t<\/div>\n\t\t\t\t<\/div>\n\t\t\t\t<\/div>\n\t\t\t\t<\/div>\n\t\t\t\t\t<\/div>\n\t\t\t\t<\/div>\n\t\t<div class=\"elementor-element elementor-element-ca6e66d e-flex e-con-boxed e-con e-parent\" data-id=\"ca6e66d\" data-element_type=\"container\" data-e-type=\"container\">\n\t\t\t\t\t<div class=\"e-con-inner\">\n\t\t<div class=\"elementor-element elementor-element-2c119a6 e-con-full e-flex e-con e-child\" data-id=\"2c119a6\" data-element_type=\"container\" data-e-type=\"container\">\n\t\t<div class=\"elementor-element elementor-element-6ba2fb1 e-con-full e-flex e-con e-child\" data-id=\"6ba2fb1\" data-element_type=\"container\" data-e-type=\"container\" data-settings=\"{&quot;background_background&quot;:&quot;classic&quot;}\">\n\t\t\t\t<div class=\"elementor-element elementor-element-f1962f6 elementor-widget elementor-widget-image\" data-id=\"f1962f6\" data-element_type=\"widget\" data-e-type=\"widget\" data-widget_type=\"image.default\">\n\t\t\t\t<div class=\"elementor-widget-container\">\n\t\t\t\t\t\t\t\t\t\t\t\t\t\t\t\t<a href=\"https:\/\/winners-szkolenia.pl\/wp-content\/uploads\/2026\/04\/Sztuczna-inteligencja-w-sprzedazy-automatyzacji-i-analizie-biznesowej.pdf\" target=\"_blank\">\n\t\t\t\t\t\t\t<img decoding=\"async\" width=\"768\" height=\"430\" src=\"https:\/\/winners-szkolenia.pl\/wp-content\/uploads\/2026\/01\/SZTUCZNA-INTELIGENCJA-W-SPRZEDAZY-AUTOMATYZACJI-I-ANALIZIE-BIZNESOWEJ-3-768x430.png\" class=\"attachment-medium_large size-medium_large wp-image-2043\" alt=\"\" srcset=\"https:\/\/winners-szkolenia.pl\/wp-content\/uploads\/2026\/01\/SZTUCZNA-INTELIGENCJA-W-SPRZEDAZY-AUTOMATYZACJI-I-ANALIZIE-BIZNESOWEJ-3-768x430.png 768w, https:\/\/winners-szkolenia.pl\/wp-content\/uploads\/2026\/01\/SZTUCZNA-INTELIGENCJA-W-SPRZEDAZY-AUTOMATYZACJI-I-ANALIZIE-BIZNESOWEJ-3-300x168.png 300w, https:\/\/winners-szkolenia.pl\/wp-content\/uploads\/2026\/01\/SZTUCZNA-INTELIGENCJA-W-SPRZEDAZY-AUTOMATYZACJI-I-ANALIZIE-BIZNESOWEJ-3-1024x573.png 1024w, https:\/\/winners-szkolenia.pl\/wp-content\/uploads\/2026\/01\/SZTUCZNA-INTELIGENCJA-W-SPRZEDAZY-AUTOMATYZACJI-I-ANALIZIE-BIZNESOWEJ-3-1536x860.png 1536w, https:\/\/winners-szkolenia.pl\/wp-content\/uploads\/2026\/01\/SZTUCZNA-INTELIGENCJA-W-SPRZEDAZY-AUTOMATYZACJI-I-ANALIZIE-BIZNESOWEJ-3.png 1600w\" sizes=\"(max-width: 768px) 100vw, 768px\" \/>\t\t\t\t\t\t\t\t<\/a>\n\t\t\t\t\t\t\t\t\t\t\t\t\t\t\t<\/div>\n\t\t\t\t<\/div>\n\t\t<div class=\"elementor-element elementor-element-5cf3d18 e-con-full e-flex e-con e-child\" data-id=\"5cf3d18\" data-element_type=\"container\" data-e-type=\"container\" data-settings=\"{&quot;background_background&quot;:&quot;classic&quot;}\">\n\t\t\t\t<div class=\"elementor-element elementor-element-9052a67 elementor-align-center elementor-widget__width-initial elementor-widget elementor-widget-button\" data-id=\"9052a67\" data-element_type=\"widget\" data-e-type=\"widget\" data-widget_type=\"button.default\">\n\t\t\t\t<div class=\"elementor-widget-container\">\n\t\t\t\t\t\t\t\t\t<div class=\"elementor-button-wrapper\">\n\t\t\t\t\t<a class=\"elementor-button elementor-button-link elementor-size-sm\" href=\"https:\/\/winners-szkolenia.pl\/wp-content\/uploads\/2026\/04\/Sztuczna-inteligencja-w-sprzedazy-automatyzacji-i-analizie-biznesowej.pdf\" target=\"_blank\">\n\t\t\t\t\t\t<span class=\"elementor-button-content-wrapper\">\n\t\t\t\t\t\t\t\t\t<span class=\"elementor-button-text\">Pobierz ofert\u0119<\/span>\n\t\t\t\t\t<\/span>\n\t\t\t\t\t<\/a>\n\t\t\t\t<\/div>\n\t\t\t\t\t\t\t\t<\/div>\n\t\t\t\t<\/div>\n\t\t\t\t<div class=\"elementor-element elementor-element-742fa37 elementor-align-center elementor-widget elementor-widget-button\" data-id=\"742fa37\" data-element_type=\"widget\" data-e-type=\"widget\" data-widget_type=\"button.default\">\n\t\t\t\t<div class=\"elementor-widget-container\">\n\t\t\t\t\t\t\t\t\t<div class=\"elementor-button-wrapper\">\n\t\t\t\t\t<a class=\"elementor-button elementor-button-link elementor-size-sm\" href=\"https:\/\/winners-szkolenia.pl\/wp-content\/uploads\/2026\/01\/Zgloszenie_Winners_online_BV.pdf\" target=\"_blank\">\n\t\t\t\t\t\t<span class=\"elementor-button-content-wrapper\">\n\t\t\t\t\t\t\t\t\t<span class=\"elementor-button-text\">Pobierz formularz zg\u0142oszeniowy<\/span>\n\t\t\t\t\t<\/span>\n\t\t\t\t\t<\/a>\n\t\t\t\t<\/div>\n\t\t\t\t\t\t\t\t<\/div>\n\t\t\t\t<\/div>\n\t\t\t\t<\/div>\n\t\t\t\t<\/div>\n\t\t<div class=\"elementor-element elementor-element-397c35b e-con-full e-flex e-con e-child\" data-id=\"397c35b\" data-element_type=\"container\" data-e-type=\"container\" data-settings=\"{&quot;background_background&quot;:&quot;classic&quot;}\">\n\t\t\t\t<div class=\"elementor-element elementor-element-83f49d9 elementor-widget elementor-widget-image\" data-id=\"83f49d9\" data-element_type=\"widget\" data-e-type=\"widget\" data-widget_type=\"image.default\">\n\t\t\t\t<div class=\"elementor-widget-container\">\n\t\t\t\t\t\t\t\t\t\t\t\t\t\t\t\t<a href=\"https:\/\/winners-szkolenia.pl\/wp-content\/uploads\/2026\/03\/Sztuczna-inteligencja-w-biznesie-dla-kadry-zarzadzajacej-i-wlascicieli-firm-poziom-zaawansowany.pdf\" target=\"_blank\">\n\t\t\t\t\t\t\t<img loading=\"lazy\" decoding=\"async\" width=\"768\" height=\"430\" src=\"https:\/\/winners-szkolenia.pl\/wp-content\/uploads\/2026\/01\/SZTUCZNA-INTELIGENCJA-W-BIZNESIE-DLA-KADRY-ZARZADZAJACEJ-I-WLASCICIELI-FIRM-\u2013-poziom-zaawansowany-768x430.png\" class=\"attachment-medium_large size-medium_large wp-image-2044\" alt=\"\" srcset=\"https:\/\/winners-szkolenia.pl\/wp-content\/uploads\/2026\/01\/SZTUCZNA-INTELIGENCJA-W-BIZNESIE-DLA-KADRY-ZARZADZAJACEJ-I-WLASCICIELI-FIRM-\u2013-poziom-zaawansowany-768x430.png 768w, https:\/\/winners-szkolenia.pl\/wp-content\/uploads\/2026\/01\/SZTUCZNA-INTELIGENCJA-W-BIZNESIE-DLA-KADRY-ZARZADZAJACEJ-I-WLASCICIELI-FIRM-\u2013-poziom-zaawansowany-300x168.png 300w, https:\/\/winners-szkolenia.pl\/wp-content\/uploads\/2026\/01\/SZTUCZNA-INTELIGENCJA-W-BIZNESIE-DLA-KADRY-ZARZADZAJACEJ-I-WLASCICIELI-FIRM-\u2013-poziom-zaawansowany-1024x573.png 1024w, https:\/\/winners-szkolenia.pl\/wp-content\/uploads\/2026\/01\/SZTUCZNA-INTELIGENCJA-W-BIZNESIE-DLA-KADRY-ZARZADZAJACEJ-I-WLASCICIELI-FIRM-\u2013-poziom-zaawansowany-1536x860.png 1536w, https:\/\/winners-szkolenia.pl\/wp-content\/uploads\/2026\/01\/SZTUCZNA-INTELIGENCJA-W-BIZNESIE-DLA-KADRY-ZARZADZAJACEJ-I-WLASCICIELI-FIRM-\u2013-poziom-zaawansowany.png 1600w\" sizes=\"(max-width: 768px) 100vw, 768px\" \/>\t\t\t\t\t\t\t\t<\/a>\n\t\t\t\t\t\t\t\t\t\t\t\t\t\t\t<\/div>\n\t\t\t\t<\/div>\n\t\t<div class=\"elementor-element elementor-element-0a59196 e-con-full e-flex e-con e-child\" data-id=\"0a59196\" data-element_type=\"container\" data-e-type=\"container\" data-settings=\"{&quot;background_background&quot;:&quot;classic&quot;}\">\n\t\t\t\t<div class=\"elementor-element elementor-element-f15f28f elementor-align-center elementor-widget__width-initial elementor-widget elementor-widget-button\" data-id=\"f15f28f\" data-element_type=\"widget\" data-e-type=\"widget\" data-widget_type=\"button.default\">\n\t\t\t\t<div class=\"elementor-widget-container\">\n\t\t\t\t\t\t\t\t\t<div class=\"elementor-button-wrapper\">\n\t\t\t\t\t<a class=\"elementor-button elementor-button-link elementor-size-sm\" href=\"https:\/\/winners-szkolenia.pl\/wp-content\/uploads\/2026\/03\/Sztuczna-inteligencja-w-biznesie-dla-kadry-zarzadzajacej-i-wlascicieli-firm-poziom-zaawansowany.pdf\" target=\"_blank\">\n\t\t\t\t\t\t<span class=\"elementor-button-content-wrapper\">\n\t\t\t\t\t\t\t\t\t<span class=\"elementor-button-text\">Pobierz ofert\u0119<\/span>\n\t\t\t\t\t<\/span>\n\t\t\t\t\t<\/a>\n\t\t\t\t<\/div>\n\t\t\t\t\t\t\t\t<\/div>\n\t\t\t\t<\/div>\n\t\t\t\t<div class=\"elementor-element elementor-element-f8f2260 elementor-align-center elementor-widget elementor-widget-button\" data-id=\"f8f2260\" data-element_type=\"widget\" data-e-type=\"widget\" data-widget_type=\"button.default\">\n\t\t\t\t<div class=\"elementor-widget-container\">\n\t\t\t\t\t\t\t\t\t<div class=\"elementor-button-wrapper\">\n\t\t\t\t\t<a class=\"elementor-button elementor-button-link elementor-size-sm\" href=\"https:\/\/winners-szkolenia.pl\/wp-content\/uploads\/2026\/01\/Zgloszenie_Winners_online_BV.pdf\" target=\"_blank\">\n\t\t\t\t\t\t<span class=\"elementor-button-content-wrapper\">\n\t\t\t\t\t\t\t\t\t<span class=\"elementor-button-text\">Pobierz formularz zg\u0142oszeniowy<\/span>\n\t\t\t\t\t<\/span>\n\t\t\t\t\t<\/a>\n\t\t\t\t<\/div>\n\t\t\t\t\t\t\t\t<\/div>\n\t\t\t\t<\/div>\n\t\t\t\t<\/div>\n\t\t\t\t<\/div>\n\t\t\t\t<\/div>\n\t\t\t\t\t<\/div>\n\t\t\t\t<\/div>\n\t\t\t\t<\/div>\n\t\t","protected":false},"excerpt":{"rendered":"<p>Odkryj nasz\u0105 ofert\u0119 szkole\u0144 online na \u017cywo -dla os\u00f3b, kt\u00f3re \u015bledz\u0105 trendy i chc\u0105 wdra\u017ca\u0107 rozwi\u0105zania oparte na sztucznej inteligencji [&hellip;]<\/p>\n","protected":false},"author":1,"featured_media":0,"parent":0,"menu_order":0,"comment_status":"closed","ping_status":"closed","template":"elementor_canvas","meta":{"_eb_attr":"","site-sidebar-layout":"no-sidebar","site-content-layout":"","ast-site-content-layout":"full-width-container","site-content-style":"default","site-sidebar-style":"default","ast-global-header-display":"","ast-banner-title-visibility":"","ast-main-header-display":"","ast-hfb-above-header-display":"","ast-hfb-below-header-display":"","ast-hfb-mobile-header-display":"","site-post-title":"","ast-breadcrumbs-content":"","ast-featured-img":"disabled","footer-sml-layout":"","ast-disable-related-posts":"","theme-transparent-header-meta":"","adv-header-id-meta":"","stick-header-meta":"","header-above-stick-meta":"","header-main-stick-meta":"","header-below-stick-meta":"","astra-migrate-meta-layouts":"default","ast-page-background-enabled":"default","ast-page-background-meta":{"desktop":{"background-color":"var(--ast-global-color-4)","background-image":"","background-repeat":"repeat","background-position":"center center","background-size":"auto","background-attachment":"scroll","background-type":"","background-media":"","overlay-type":"","overlay-color":"","overlay-opacity":"","overlay-gradient":""},"tablet":{"background-color":"","background-image":"","background-repeat":"repeat","background-position":"center center","background-size":"auto","background-attachment":"scroll","background-type":"","background-media":"","overlay-type":"","overlay-color":"","overlay-opacity":"","overlay-gradient":""},"mobile":{"background-color":"","background-image":"","background-repeat":"repeat","background-position":"center center","background-size":"auto","background-attachment":"scroll","background-type":"","background-media":"","overlay-type":"","overlay-color":"","overlay-opacity":"","overlay-gradient":""}},"ast-content-background-meta":{"desktop":{"background-color":"var(--ast-global-color-5)","background-image":"","background-repeat":"repeat","background-position":"center center","background-size":"auto","background-attachment":"scroll","background-type":"","background-media":"","overlay-type":"","overlay-color":"","overlay-opacity":"","overlay-gradient":""},"tablet":{"background-color":"var(--ast-global-color-5)","background-image":"","background-repeat":"repeat","background-position":"center center","background-size":"auto","background-attachment":"scroll","background-type":"","background-media":"","overlay-type":"","overlay-color":"","overlay-opacity":"","overlay-gradient":""},"mobile":{"background-color":"var(--ast-global-color-5)","background-image":"","background-repeat":"repeat","background-position":"center center","background-size":"auto","background-attachment":"scroll","background-type":"","background-media":"","overlay-type":"","overlay-color":"","overlay-opacity":"","overlay-gradient":""}},"footnotes":""},"class_list":["post-992","page","type-page","status-publish","hentry"],"_links":{"self":[{"href":"https:\/\/winners-szkolenia.pl\/index.php\/wp-json\/wp\/v2\/pages\/992","targetHints":{"allow":["GET"]}}],"collection":[{"href":"https:\/\/winners-szkolenia.pl\/index.php\/wp-json\/wp\/v2\/pages"}],"about":[{"href":"https:\/\/winners-szkolenia.pl\/index.php\/wp-json\/wp\/v2\/types\/page"}],"author":[{"embeddable":true,"href":"https:\/\/winners-szkolenia.pl\/index.php\/wp-json\/wp\/v2\/users\/1"}],"replies":[{"embeddable":true,"href":"https:\/\/winners-szkolenia.pl\/index.php\/wp-json\/wp\/v2\/comments?post=992"}],"version-history":[{"count":134,"href":"https:\/\/winners-szkolenia.pl\/index.php\/wp-json\/wp\/v2\/pages\/992\/revisions"}],"predecessor-version":[{"id":2579,"href":"https:\/\/winners-szkolenia.pl\/index.php\/wp-json\/wp\/v2\/pages\/992\/revisions\/2579"}],"wp:attachment":[{"href":"https:\/\/winners-szkolenia.pl\/index.php\/wp-json\/wp\/v2\/media?parent=992"}],"curies":[{"name":"wp","href":"https:\/\/api.w.org\/{rel}","templated":true}]}}