{"id":615,"date":"2025-09-22T15:16:41","date_gmt":"2025-09-22T13:16:41","guid":{"rendered":"https:\/\/winners-szkolenia.pl\/?page_id=615"},"modified":"2026-03-06T13:56:55","modified_gmt":"2026-03-06T12:56:55","slug":"polityka-prywatnosci","status":"publish","type":"page","link":"https:\/\/winners-szkolenia.pl\/index.php\/polityka-prywatnosci\/","title":{"rendered":"Polityka prywatno\u015bci"},"content":{"rendered":"\t\t<div data-elementor-type=\"wp-page\" data-elementor-id=\"615\" class=\"elementor elementor-615\">\n\t\t\t\t<div class=\"elementor-element elementor-element-11bbe83 e-flex e-con-boxed e-con e-parent\" data-id=\"11bbe83\" data-element_type=\"container\" data-e-type=\"container\">\n\t\t\t\t\t<div class=\"e-con-inner\">\n\t\t\t\t<div class=\"elementor-element elementor-element-cf176d9 elementor-widget elementor-widget-heading\" data-id=\"cf176d9\" data-element_type=\"widget\" data-e-type=\"widget\" data-widget_type=\"heading.default\">\n\t\t\t\t<div class=\"elementor-widget-container\">\n\t\t\t\t\t<h2 class=\"elementor-heading-title elementor-size-default\">Polityka prywatno\u015bci<\/h2>\t\t\t\t<\/div>\n\t\t\t\t<\/div>\n\t\t\t\t\t<\/div>\n\t\t\t\t<\/div>\n\t\t<div class=\"elementor-element elementor-element-adf57ef e-flex e-con-boxed e-con e-parent\" data-id=\"adf57ef\" data-element_type=\"container\" data-e-type=\"container\">\n\t\t\t\t\t<div class=\"e-con-inner\">\n\t\t\t\t<div class=\"elementor-element elementor-element-2d86af1 elementor-widget elementor-widget-text-editor\" data-id=\"2d86af1\" data-element_type=\"widget\" data-e-type=\"widget\" data-widget_type=\"text-editor.default\">\n\t\t\t\t<div class=\"elementor-widget-container\">\n\t\t\t\t\t\t\t\t\t<h2 data-start=\"193\" data-end=\"216\">1. Informacje og\u00f3lne<\/h2><p data-start=\"218\" data-end=\"359\">Niniejsza Polityka Prywatno\u015bci okre\u015bla zasady przetwarzania oraz ochrony danych osobowych u\u017cytkownik\u00f3w korzystaj\u0105cych ze strony internetowej:<\/p><p data-start=\"361\" data-end=\"397\"><strong data-start=\"361\" data-end=\"397\"><a class=\"decorated-link\" href=\"https:\/\/winners-szkolenia.pl\" target=\"_new\" rel=\"noopener\" data-start=\"363\" data-end=\"395\">https:\/\/winners-szkolenia.pl<\/a><\/strong><\/p><p data-start=\"399\" data-end=\"437\">Administratorem danych osobowych jest:<\/p><p data-start=\"439\" data-end=\"579\"><strong data-start=\"439\" data-end=\"461\">WINNERS Anna Wentk<\/strong><br data-start=\"461\" data-end=\"464\" \/>ul. D\u0142uga 76, Tryszczyn<br data-start=\"487\" data-end=\"490\" \/>86-011 Wtelno<br data-start=\"503\" data-end=\"506\" \/>NIP: 967 111 91 35<br data-start=\"524\" data-end=\"527\" \/>strona internetowa: <a class=\"decorated-link\" href=\"https:\/\/www.winners-szkolenia.pl\" target=\"_new\" rel=\"noopener\" data-start=\"547\" data-end=\"579\">https:\/\/www.winners-szkolenia.pl<\/a><\/p><p data-start=\"581\" data-end=\"719\">Administrator dok\u0142ada szczeg\u00f3lnej staranno\u015bci w celu ochrony prywatno\u015bci u\u017cytkownik\u00f3w oraz bezpiecze\u0144stwa przekazywanych danych osobowych.<\/p><hr data-start=\"721\" data-end=\"724\" \/><h2 data-start=\"726\" data-end=\"756\">2. Zakres zbieranych danych<\/h2><p data-start=\"758\" data-end=\"828\">W zwi\u0105zku z korzystaniem ze strony mog\u0105 by\u0107 zbierane nast\u0119puj\u0105ce dane:<\/p><ul data-start=\"830\" data-end=\"982\"><li data-start=\"830\" data-end=\"848\"><p data-start=\"832\" data-end=\"848\">imi\u0119 i nazwisko,<\/p><\/li><li data-start=\"849\" data-end=\"864\"><p data-start=\"851\" data-end=\"864\">adres e-mail,<\/p><\/li><li data-start=\"865\" data-end=\"882\"><p data-start=\"867\" data-end=\"882\">numer telefonu,<\/p><\/li><li data-start=\"883\" data-end=\"897\"><p data-start=\"885\" data-end=\"897\">nazwa firmy,<\/p><\/li><li data-start=\"898\" data-end=\"982\"><p data-start=\"900\" data-end=\"982\">dane zawarte w tre\u015bci wiadomo\u015bci przes\u0142anej przez formularz kontaktowy lub e-mail.<\/p><\/li><\/ul><p data-start=\"984\" data-end=\"1139\">Podanie danych jest dobrowolne, jednak w niekt\u00f3rych przypadkach mo\u017ce by\u0107 niezb\u0119dne do skorzystania z okre\u015blonych us\u0142ug, np. zg\u0142oszenia udzia\u0142u w szkoleniu.<\/p><hr data-start=\"1141\" data-end=\"1144\" \/><h2 data-start=\"1146\" data-end=\"1177\">3. Cele przetwarzania danych<\/h2><p data-start=\"1179\" data-end=\"1231\">Dane osobowe przetwarzane s\u0105 w nast\u0119puj\u0105cych celach:<\/p><ul data-start=\"1233\" data-end=\"1657\"><li data-start=\"1233\" data-end=\"1318\"><p data-start=\"1235\" data-end=\"1318\">udzielenia odpowiedzi na zapytania przes\u0142ane przez formularz kontaktowy lub e-mail,<\/p><\/li><li data-start=\"1319\" data-end=\"1352\"><p data-start=\"1321\" data-end=\"1352\">realizacji us\u0142ug szkoleniowych,<\/p><\/li><li data-start=\"1353\" data-end=\"1390\"><p data-start=\"1355\" data-end=\"1390\">przyjmowania zg\u0142osze\u0144 na szkolenia,<\/p><\/li><li data-start=\"1391\" data-end=\"1439\"><p data-start=\"1393\" data-end=\"1439\">przygotowania i realizacji um\u00f3w szkoleniowych,<\/p><\/li><li data-start=\"1440\" data-end=\"1476\"><p data-start=\"1442\" data-end=\"1476\">wystawiania dokument\u00f3w ksi\u0119gowych,<\/p><\/li><li data-start=\"1477\" data-end=\"1548\"><p data-start=\"1479\" data-end=\"1548\">kontaktu z klientem w sprawach organizacyjnych dotycz\u0105cych szkolenia,<\/p><\/li><li data-start=\"1549\" data-end=\"1657\"><p data-start=\"1551\" data-end=\"1657\">prowadzenia dzia\u0142a\u0144 marketingowych dotycz\u0105cych oferty szkoleniowej (je\u017celi u\u017cytkownik wyrazi na to zgod\u0119).<\/p><\/li><\/ul><hr data-start=\"1659\" data-end=\"1662\" \/><h2 data-start=\"1664\" data-end=\"1706\">4. Podstawa prawna przetwarzania danych<\/h2><p data-start=\"1708\" data-end=\"1839\">Dane osobowe przetwarzane s\u0105 zgodnie z przepisami Rozporz\u0105dzenia Parlamentu Europejskiego i Rady (UE) 2016\/679 (RODO) na podstawie:<\/p><ul data-start=\"1841\" data-end=\"2130\"><li data-start=\"1841\" data-end=\"1904\"><p data-start=\"1843\" data-end=\"1904\">art. 6 ust. 1 lit. a RODO \u2013 zgoda osoby, kt\u00f3rej dane dotycz\u0105,<\/p><\/li><li data-start=\"1905\" data-end=\"1993\"><p data-start=\"1907\" data-end=\"1993\">art. 6 ust. 1 lit. b RODO \u2013 realizacja umowy lub podj\u0119cie dzia\u0142a\u0144 przed jej zawarciem,<\/p><\/li><li data-start=\"1994\" data-end=\"2056\"><p data-start=\"1996\" data-end=\"2056\">art. 6 ust. 1 lit. c RODO \u2013 wype\u0142nienie obowi\u0105zk\u00f3w prawnych,<\/p><\/li><li data-start=\"2057\" data-end=\"2130\"><p data-start=\"2059\" data-end=\"2130\">art. 6 ust. 1 lit. f RODO \u2013 prawnie uzasadniony interes administratora.<\/p><\/li><\/ul><hr data-start=\"2132\" data-end=\"2135\" \/><h2 data-start=\"2137\" data-end=\"2158\">5. Odbiorcy danych<\/h2><p data-start=\"2160\" data-end=\"2277\">Dane osobowe mog\u0105 by\u0107 przekazywane podmiotom wspieraj\u0105cym Administratora w prowadzeniu dzia\u0142alno\u015bci, w szczeg\u00f3lno\u015bci:<\/p><ul data-start=\"2279\" data-end=\"2439\"><li data-start=\"2279\" data-end=\"2316\"><p data-start=\"2281\" data-end=\"2316\">firmom \u015bwiadcz\u0105cym us\u0142ugi ksi\u0119gowe,<\/p><\/li><li data-start=\"2317\" data-end=\"2348\"><p data-start=\"2319\" data-end=\"2348\">dostawcom us\u0142ug hostingowych,<\/p><\/li><li data-start=\"2349\" data-end=\"2370\"><p data-start=\"2351\" data-end=\"2370\">dostawcom us\u0142ug IT,<\/p><\/li><li data-start=\"2371\" data-end=\"2439\"><p data-start=\"2373\" data-end=\"2439\">podmiotom wspieraj\u0105cym organizacj\u0119 szkole\u0144 (np. hotele, trenerzy).<\/p><\/li><\/ul><p data-start=\"2441\" data-end=\"2562\">Podmioty te przetwarzaj\u0105 dane wy\u0142\u0105cznie na podstawie um\u00f3w powierzenia danych i zgodnie z obowi\u0105zuj\u0105cymi przepisami prawa.<\/p><hr data-start=\"2564\" data-end=\"2567\" \/><h2 data-start=\"2569\" data-end=\"2602\">6. Okres przechowywania danych<\/h2><p data-start=\"2604\" data-end=\"2648\">Dane osobowe b\u0119d\u0105 przechowywane przez okres:<\/p><ul data-start=\"2650\" data-end=\"2877\"><li data-start=\"2650\" data-end=\"2696\"><p data-start=\"2652\" data-end=\"2696\">niezb\u0119dny do realizacji us\u0142ugi szkoleniowej,<\/p><\/li><li data-start=\"2697\" data-end=\"2748\"><p data-start=\"2699\" data-end=\"2748\">wynikaj\u0105cy z obowi\u0105zk\u00f3w podatkowych i ksi\u0119gowych,<\/p><\/li><li data-start=\"2749\" data-end=\"2829\"><p data-start=\"2751\" data-end=\"2829\">do czasu cofni\u0119cia zgody (je\u017celi przetwarzanie odbywa si\u0119 na podstawie zgody),<\/p><\/li><li data-start=\"2830\" data-end=\"2877\"><p data-start=\"2832\" data-end=\"2877\">do czasu przedawnienia ewentualnych roszcze\u0144.<\/p><\/li><\/ul><hr data-start=\"2879\" data-end=\"2882\" \/><h2 data-start=\"2884\" data-end=\"2907\">7. Prawa u\u017cytkownika<\/h2><p data-start=\"2909\" data-end=\"2949\">Osoba, kt\u00f3rej dane dotycz\u0105, ma prawo do:<\/p><ul data-start=\"2951\" data-end=\"3188\"><li data-start=\"2951\" data-end=\"2978\"><p data-start=\"2953\" data-end=\"2978\">dost\u0119pu do swoich danych,<\/p><\/li><li data-start=\"2979\" data-end=\"3001\"><p data-start=\"2981\" data-end=\"3001\">sprostowania danych,<\/p><\/li><li data-start=\"3002\" data-end=\"3021\"><p data-start=\"3004\" data-end=\"3021\">usuni\u0119cia danych,<\/p><\/li><li data-start=\"3022\" data-end=\"3051\"><p data-start=\"3024\" data-end=\"3051\">ograniczenia przetwarzania,<\/p><\/li><li data-start=\"3052\" data-end=\"3074\"><p data-start=\"3054\" data-end=\"3074\">przenoszenia danych,<\/p><\/li><li data-start=\"3075\" data-end=\"3125\"><p data-start=\"3077\" data-end=\"3125\">wniesienia sprzeciwu wobec przetwarzania danych,<\/p><\/li><li data-start=\"3126\" data-end=\"3188\"><p data-start=\"3128\" data-end=\"3188\">cofni\u0119cia zgody na przetwarzanie danych w dowolnym momencie.<\/p><\/li><\/ul><p data-start=\"3190\" data-end=\"3262\">W celu realizacji swoich praw nale\u017cy skontaktowa\u0107 si\u0119 z Administratorem.<\/p><hr data-start=\"3264\" data-end=\"3267\" \/><h2 data-start=\"3269\" data-end=\"3288\">8. Pliki cookies<\/h2><p data-start=\"3290\" data-end=\"3363\">Strona mo\u017ce korzysta\u0107 z plik\u00f3w cookies (tzw. ciasteczek), kt\u00f3re s\u0142u\u017c\u0105 do:<\/p><ul data-start=\"3365\" data-end=\"3473\"><li data-start=\"3365\" data-end=\"3397\"><p data-start=\"3367\" data-end=\"3397\">prawid\u0142owego dzia\u0142ania strony,<\/p><\/li><li data-start=\"3398\" data-end=\"3430\"><p data-start=\"3400\" data-end=\"3430\">analizowania ruchu na stronie,<\/p><\/li><li data-start=\"3431\" data-end=\"3473\"><p data-start=\"3433\" data-end=\"3473\">poprawy funkcjonalno\u015bci i jako\u015bci us\u0142ug.<\/p><\/li><li data-start=\"3431\" data-end=\"3473\"><p data-start=\"3475\" data-end=\"3586\">U\u017cytkownik mo\u017ce w ka\u017cdej chwili zmieni\u0107 ustawienia dotycz\u0105ce plik\u00f3w cookies w swojej przegl\u0105darce internetowej.<\/p><hr data-start=\"3588\" data-end=\"3591\" \/><h2 data-start=\"3593\" data-end=\"3620\">9. Zabezpieczenie danych<\/h2><p data-start=\"3622\" data-end=\"3821\">Administrator stosuje odpowiednie \u015brodki techniczne i organizacyjne w celu zapewnienia ochrony przetwarzanych danych osobowych przed ich utrat\u0105, zniszczeniem, nieuprawnionym dost\u0119pem lub ujawnieniem.<\/p><hr data-start=\"3823\" data-end=\"3826\" \/><h2 data-start=\"3828\" data-end=\"3862\">10. Zmiany polityki prywatno\u015bci<\/h2><p data-start=\"3864\" data-end=\"4028\">Administrator zastrzega sobie prawo do wprowadzania zmian w niniejszej Polityce Prywatno\u015bci. Aktualna wersja dokumentu jest zawsze dost\u0119pna na stronie internetowej.<\/p><hr data-start=\"4030\" data-end=\"4033\" \/><h2 data-start=\"4035\" data-end=\"4049\">11. Kontakt<\/h2><p data-start=\"4051\" data-end=\"4145\">W sprawach dotycz\u0105cych przetwarzania danych osobowych mo\u017cna kontaktowa\u0107 si\u0119 z Administratorem:<\/p><p data-start=\"4147\" data-end=\"4213\"><strong data-start=\"4147\" data-end=\"4169\">WINNERS Anna Wentk<\/strong><br data-start=\"4169\" data-end=\"4172\" \/>ul. D\u0142uga 76, Tryszczyn<br data-start=\"4195\" data-end=\"4198\" \/>86-011 Wtelno<\/p><\/li><li data-start=\"3431\" data-end=\"3473\">tel. 531 801 806<\/li><li data-start=\"3431\" data-end=\"3473\">mail: biuro@winners-szkolenia.pl<\/li><\/ul>\t\t\t\t\t\t\t\t<\/div>\n\t\t\t\t<\/div>\n\t\t\t\t\t<\/div>\n\t\t\t\t<\/div>\n\t\t\t\t<\/div>\n\t\t","protected":false},"excerpt":{"rendered":"<p>Polityka prywatno\u015bci 1. Informacje og\u00f3lne Niniejsza Polityka Prywatno\u015bci okre\u015bla zasady przetwarzania oraz ochrony danych osobowych u\u017cytkownik\u00f3w korzystaj\u0105cych ze strony internetowej: [&hellip;]<\/p>\n","protected":false},"author":1,"featured_media":0,"parent":0,"menu_order":0,"comment_status":"closed","ping_status":"closed","template":"","meta":{"_eb_attr":"","site-sidebar-layout":"no-sidebar","site-content-layout":"","ast-site-content-layout":"full-width-container","site-content-style":"default","site-sidebar-style":"default","ast-global-header-display":"","ast-banner-title-visibility":"","ast-main-header-display":"","ast-hfb-above-header-display":"","ast-hfb-below-header-display":"","ast-hfb-mobile-header-display":"","site-post-title":"disabled","ast-breadcrumbs-content":"","ast-featured-img":"disabled","footer-sml-layout":"","ast-disable-related-posts":"","theme-transparent-header-meta":"","adv-header-id-meta":"","stick-header-meta":"","header-above-stick-meta":"","header-main-stick-meta":"","header-below-stick-meta":"","astra-migrate-meta-layouts":"default","ast-page-background-enabled":"default","ast-page-background-meta":{"desktop":{"background-color":"var(--ast-global-color-4)","background-image":"","background-repeat":"repeat","background-position":"center center","background-size":"auto","background-attachment":"scroll","background-type":"","background-media":"","overlay-type":"","overlay-color":"","overlay-opacity":"","overlay-gradient":""},"tablet":{"background-color":"","background-image":"","background-repeat":"repeat","background-position":"center center","background-size":"auto","background-attachment":"scroll","background-type":"","background-media":"","overlay-type":"","overlay-color":"","overlay-opacity":"","overlay-gradient":""},"mobile":{"background-color":"","background-image":"","background-repeat":"repeat","background-position":"center center","background-size":"auto","background-attachment":"scroll","background-type":"","background-media":"","overlay-type":"","overlay-color":"","overlay-opacity":"","overlay-gradient":""}},"ast-content-background-meta":{"desktop":{"background-color":"var(--ast-global-color-5)","background-image":"","background-repeat":"repeat","background-position":"center center","background-size":"auto","background-attachment":"scroll","background-type":"","background-media":"","overlay-type":"","overlay-color":"","overlay-opacity":"","overlay-gradient":""},"tablet":{"background-color":"var(--ast-global-color-5)","background-image":"","background-repeat":"repeat","background-position":"center center","background-size":"auto","background-attachment":"scroll","background-type":"","background-media":"","overlay-type":"","overlay-color":"","overlay-opacity":"","overlay-gradient":""},"mobile":{"background-color":"var(--ast-global-color-5)","background-image":"","background-repeat":"repeat","background-position":"center center","background-size":"auto","background-attachment":"scroll","background-type":"","background-media":"","overlay-type":"","overlay-color":"","overlay-opacity":"","overlay-gradient":""}},"footnotes":""},"class_list":["post-615","page","type-page","status-publish","hentry"],"_links":{"self":[{"href":"https:\/\/winners-szkolenia.pl\/index.php\/wp-json\/wp\/v2\/pages\/615","targetHints":{"allow":["GET"]}}],"collection":[{"href":"https:\/\/winners-szkolenia.pl\/index.php\/wp-json\/wp\/v2\/pages"}],"about":[{"href":"https:\/\/winners-szkolenia.pl\/index.php\/wp-json\/wp\/v2\/types\/page"}],"author":[{"embeddable":true,"href":"https:\/\/winners-szkolenia.pl\/index.php\/wp-json\/wp\/v2\/users\/1"}],"replies":[{"embeddable":true,"href":"https:\/\/winners-szkolenia.pl\/index.php\/wp-json\/wp\/v2\/comments?post=615"}],"version-history":[{"count":13,"href":"https:\/\/winners-szkolenia.pl\/index.php\/wp-json\/wp\/v2\/pages\/615\/revisions"}],"predecessor-version":[{"id":2456,"href":"https:\/\/winners-szkolenia.pl\/index.php\/wp-json\/wp\/v2\/pages\/615\/revisions\/2456"}],"wp:attachment":[{"href":"https:\/\/winners-szkolenia.pl\/index.php\/wp-json\/wp\/v2\/media?parent=615"}],"curies":[{"name":"wp","href":"https:\/\/api.w.org\/{rel}","templated":true}]}}