{"id":1434,"date":"2025-10-20T12:16:09","date_gmt":"2025-10-20T10:16:09","guid":{"rendered":"https:\/\/winners-szkolenia.pl\/?page_id=1434"},"modified":"2026-01-13T14:39:09","modified_gmt":"2026-01-13T13:39:09","slug":"szkolenia-z-umiejetnosci-interpersonalnych","status":"publish","type":"page","link":"https:\/\/winners-szkolenia.pl\/index.php\/szkolenia-z-umiejetnosci-interpersonalnych\/","title":{"rendered":"Szkolenia z Umiej\u0119tno\u015bci Interpersonalnych"},"content":{"rendered":"\t\t<div data-elementor-type=\"wp-page\" data-elementor-id=\"1434\" class=\"elementor elementor-1434\">\n\t\t\t\t<div class=\"elementor-element elementor-element-63b6c97a e-flex e-con-boxed e-con e-parent\" data-id=\"63b6c97a\" data-element_type=\"container\" data-e-type=\"container\" data-settings=\"{&quot;background_background&quot;:&quot;classic&quot;}\">\n\t\t\t\t\t<div class=\"e-con-inner\">\n\t\t<div class=\"elementor-element elementor-element-5b9fdb0c e-con-full e-flex e-con e-child\" data-id=\"5b9fdb0c\" data-element_type=\"container\" data-e-type=\"container\">\n\t\t\t\t<div class=\"elementor-element elementor-element-15f12e5f elementor-widget-divider--view-line elementor-widget elementor-widget-divider\" data-id=\"15f12e5f\" data-element_type=\"widget\" data-e-type=\"widget\" data-widget_type=\"divider.default\">\n\t\t\t\t<div class=\"elementor-widget-container\">\n\t\t\t\t\t\t\t<div class=\"elementor-divider\">\n\t\t\t<span class=\"elementor-divider-separator\">\n\t\t\t\t\t\t<\/span>\n\t\t<\/div>\n\t\t\t\t\t\t<\/div>\n\t\t\t\t<\/div>\n\t\t\t\t<div class=\"elementor-element elementor-element-49e528ad elementor-widget elementor-widget-heading\" data-id=\"49e528ad\" data-element_type=\"widget\" data-e-type=\"widget\" data-widget_type=\"heading.default\">\n\t\t\t\t<div class=\"elementor-widget-container\">\n\t\t\t\t\t<h1 class=\"elementor-heading-title elementor-size-default\"><h1 data-elementor-setting-key=\"title\" data-pen-placeholder=\"Pisz tutaj...\" style=\"font-size: 3.55556rem;font-style: normal\"><font color=\"#ffffff\" face=\"Bona Nova, sans-serif\"><span style=\"font-size: 64.0001px\">Odkryj nasz\u0105 ofert\u0119 szkole\u0144 online na \u017cywo<\/span><\/font><\/h1><\/h1>\t\t\t\t<\/div>\n\t\t\t\t<\/div>\n\t\t\t\t<div class=\"elementor-element elementor-element-701f57bc elementor-widget elementor-widget-text-editor\" data-id=\"701f57bc\" data-element_type=\"widget\" data-e-type=\"widget\" data-widget_type=\"text-editor.default\">\n\t\t\t\t<div class=\"elementor-widget-container\">\n\t\t\t\t\t\t\t\t\t<p>SZKOLENIA INTERPERSONALNE \u2013 dla os\u00f3b, kt\u00f3re chc\u0105 rozwija\u0107 umiej\u0119tno\u015bci komunikacji i budowa\u0107 skuteczne relacje w biznesie.<\/p>\n<p>PROPOZYCJE SZKOLE\u0143 POJAWI\u0104 SI\u0118 WKR\u00d3TCE<\/p>\t\t\t\t\t\t\t\t<\/div>\n\t\t\t\t<\/div>\n\t\t\t\t<\/div>\n\t\t\t\t\t<\/div>\n\t\t\t\t<\/div>\n\t\t<div class=\"elementor-element elementor-element-286edc3 e-flex e-con-boxed e-con e-parent\" data-id=\"286edc3\" data-element_type=\"container\" data-e-type=\"container\">\n\t\t\t\t\t<div class=\"e-con-inner\">\n\t\t\t\t<div class=\"elementor-element elementor-element-b92f181 elementor-widget__width-auto elementor-widget elementor-widget-image\" data-id=\"b92f181\" data-element_type=\"widget\" data-e-type=\"widget\" data-widget_type=\"image.default\">\n\t\t\t\t<div class=\"elementor-widget-container\">\n\t\t\t\t\t\t\t\t\t\t\t\t\t\t\t<img fetchpriority=\"high\" decoding=\"async\" width=\"250\" height=\"250\" src=\"https:\/\/winners-szkolenia.pl\/wp-content\/uploads\/2025\/09\/logo.jpg\" class=\"attachment-large size-large wp-image-958\" alt=\"\" srcset=\"https:\/\/winners-szkolenia.pl\/wp-content\/uploads\/2025\/09\/logo.jpg 250w, https:\/\/winners-szkolenia.pl\/wp-content\/uploads\/2025\/09\/elementor\/thumbs\/logo-rc9udbdoqby5ra08t1pcmu65uz9lhedlruvqxh3p7g.jpg 150w, https:\/\/winners-szkolenia.pl\/wp-content\/uploads\/2025\/09\/elementor\/thumbs\/logo-rc9udbdo4ejxy9xdll9rksqzcb5s5irqtyl5urv36w.jpg 100w, https:\/\/winners-szkolenia.pl\/wp-content\/uploads\/2025\/09\/elementor\/thumbs\/logo-rc9udbdpc9cdka340i4xovlcdndet9zgpr6c06cb80.jpg 200w\" sizes=\"(max-width: 250px) 100vw, 250px\" \/>\t\t\t\t\t\t\t\t\t\t\t\t\t\t\t<\/div>\n\t\t\t\t<\/div>\n\t\t\t\t\t<\/div>\n\t\t\t\t<\/div>\n\t\t\t\t<\/div>\n\t\t","protected":false},"excerpt":{"rendered":"<p>Odkryj nasz\u0105 ofert\u0119 szkole\u0144 online na \u017cywo SZKOLENIA INTERPERSONALNE \u2013 dla os\u00f3b, kt\u00f3re chc\u0105 rozwija\u0107 umiej\u0119tno\u015bci komunikacji i budowa\u0107 skuteczne [&hellip;]<\/p>\n","protected":false},"author":1,"featured_media":0,"parent":0,"menu_order":0,"comment_status":"closed","ping_status":"closed","template":"elementor_canvas","meta":{"_eb_attr":"","site-sidebar-layout":"no-sidebar","site-content-layout":"","ast-site-content-layout":"full-width-container","site-content-style":"default","site-sidebar-style":"default","ast-global-header-display":"","ast-banner-title-visibility":"","ast-main-header-display":"","ast-hfb-above-header-display":"","ast-hfb-below-header-display":"","ast-hfb-mobile-header-display":"","site-post-title":"","ast-breadcrumbs-content":"","ast-featured-img":"disabled","footer-sml-layout":"","ast-disable-related-posts":"","theme-transparent-header-meta":"","adv-header-id-meta":"","stick-header-meta":"","header-above-stick-meta":"","header-main-stick-meta":"","header-below-stick-meta":"","astra-migrate-meta-layouts":"default","ast-page-background-enabled":"default","ast-page-background-meta":{"desktop":{"background-color":"var(--ast-global-color-4)","background-image":"","background-repeat":"repeat","background-position":"center center","background-size":"auto","background-attachment":"scroll","background-type":"","background-media":"","overlay-type":"","overlay-color":"","overlay-opacity":"","overlay-gradient":""},"tablet":{"background-color":"","background-image":"","background-repeat":"repeat","background-position":"center center","background-size":"auto","background-attachment":"scroll","background-type":"","background-media":"","overlay-type":"","overlay-color":"","overlay-opacity":"","overlay-gradient":""},"mobile":{"background-color":"","background-image":"","background-repeat":"repeat","background-position":"center center","background-size":"auto","background-attachment":"scroll","background-type":"","background-media":"","overlay-type":"","overlay-color":"","overlay-opacity":"","overlay-gradient":""}},"ast-content-background-meta":{"desktop":{"background-color":"var(--ast-global-color-5)","background-image":"","background-repeat":"repeat","background-position":"center center","background-size":"auto","background-attachment":"scroll","background-type":"","background-media":"","overlay-type":"","overlay-color":"","overlay-opacity":"","overlay-gradient":""},"tablet":{"background-color":"var(--ast-global-color-5)","background-image":"","background-repeat":"repeat","background-position":"center center","background-size":"auto","background-attachment":"scroll","background-type":"","background-media":"","overlay-type":"","overlay-color":"","overlay-opacity":"","overlay-gradient":""},"mobile":{"background-color":"var(--ast-global-color-5)","background-image":"","background-repeat":"repeat","background-position":"center center","background-size":"auto","background-attachment":"scroll","background-type":"","background-media":"","overlay-type":"","overlay-color":"","overlay-opacity":"","overlay-gradient":""}},"footnotes":""},"class_list":["post-1434","page","type-page","status-publish","hentry"],"_links":{"self":[{"href":"https:\/\/winners-szkolenia.pl\/index.php\/wp-json\/wp\/v2\/pages\/1434","targetHints":{"allow":["GET"]}}],"collection":[{"href":"https:\/\/winners-szkolenia.pl\/index.php\/wp-json\/wp\/v2\/pages"}],"about":[{"href":"https:\/\/winners-szkolenia.pl\/index.php\/wp-json\/wp\/v2\/types\/page"}],"author":[{"embeddable":true,"href":"https:\/\/winners-szkolenia.pl\/index.php\/wp-json\/wp\/v2\/users\/1"}],"replies":[{"embeddable":true,"href":"https:\/\/winners-szkolenia.pl\/index.php\/wp-json\/wp\/v2\/comments?post=1434"}],"version-history":[{"count":31,"href":"https:\/\/winners-szkolenia.pl\/index.php\/wp-json\/wp\/v2\/pages\/1434\/revisions"}],"predecessor-version":[{"id":2293,"href":"https:\/\/winners-szkolenia.pl\/index.php\/wp-json\/wp\/v2\/pages\/1434\/revisions\/2293"}],"wp:attachment":[{"href":"https:\/\/winners-szkolenia.pl\/index.php\/wp-json\/wp\/v2\/media?parent=1434"}],"curies":[{"name":"wp","href":"https:\/\/api.w.org\/{rel}","templated":true}]}}