{"id":1054,"date":"2025-09-29T15:41:56","date_gmt":"2025-09-29T13:41:56","guid":{"rendered":"https:\/\/winners-szkolenia.pl\/?page_id=1054"},"modified":"2026-04-08T11:44:26","modified_gmt":"2026-04-08T09:44:26","slug":"szkolenia-sprzedazowe","status":"publish","type":"page","link":"https:\/\/winners-szkolenia.pl\/index.php\/szkolenia-sprzedazowe\/","title":{"rendered":"Szkolenia Sprzeda\u017cowe"},"content":{"rendered":"\t\t<div data-elementor-type=\"wp-page\" data-elementor-id=\"1054\" class=\"elementor elementor-1054\">\n\t\t\t\t<div class=\"elementor-element elementor-element-2d197ef7 e-flex e-con-boxed e-con e-parent\" data-id=\"2d197ef7\" data-element_type=\"container\" data-e-type=\"container\" data-settings=\"{&quot;background_background&quot;:&quot;classic&quot;}\">\n\t\t\t\t\t<div class=\"e-con-inner\">\n\t\t<div class=\"elementor-element elementor-element-600fc0da e-con-full e-flex e-con e-child\" data-id=\"600fc0da\" data-element_type=\"container\" data-e-type=\"container\">\n\t\t\t\t<div class=\"elementor-element elementor-element-147658a6 elementor-widget-divider--view-line elementor-widget elementor-widget-divider\" data-id=\"147658a6\" data-element_type=\"widget\" data-e-type=\"widget\" data-widget_type=\"divider.default\">\n\t\t\t\t<div class=\"elementor-widget-container\">\n\t\t\t\t\t\t\t<div class=\"elementor-divider\">\n\t\t\t<span class=\"elementor-divider-separator\">\n\t\t\t\t\t\t<\/span>\n\t\t<\/div>\n\t\t\t\t\t\t<\/div>\n\t\t\t\t<\/div>\n\t\t\t\t<div class=\"elementor-element elementor-element-21888088 elementor-widget elementor-widget-heading\" data-id=\"21888088\" data-element_type=\"widget\" data-e-type=\"widget\" data-widget_type=\"heading.default\">\n\t\t\t\t<div class=\"elementor-widget-container\">\n\t\t\t\t\t<h1 class=\"elementor-heading-title elementor-size-default\">Szkolenia sprzeda\u017cowe \u2013 szkolenia otwarte online<\/h1>\t\t\t\t<\/div>\n\t\t\t\t<\/div>\n\t\t\t\t<div class=\"elementor-element elementor-element-1ae021d8 elementor-widget elementor-widget-text-editor\" data-id=\"1ae021d8\" data-element_type=\"widget\" data-e-type=\"widget\" data-widget_type=\"text-editor.default\">\n\t\t\t\t<div class=\"elementor-widget-container\">\n\t\t\t\t\t\t\t\t\t<p data-start=\"274\" data-end=\"548\">Oferujemy <strong data-start=\"284\" data-end=\"335\">szkolenia sprzeda\u017cowe w formule otwartej online<\/strong>, skierowane do handlowc\u00f3w, doradc\u00f3w oraz os\u00f3b odpowiedzialnych za sprzeda\u017c i kontakt z klientem. Programy koncentruj\u0105 si\u0119 na <strong data-start=\"461\" data-end=\"514\">realnych wyzwaniach codziennej pracy sprzeda\u017cowej<\/strong>, zar\u00f3wno w modelu B2B, jak i B2C.<\/p><p data-start=\"274\" data-end=\"548\"><span style=\"font-style: inherit; font-weight: inherit; color: var( --e-global-color-astglobalcolor5 );\">Zakres merytoryczny szkole\u0144 obejmuje m.in. <\/span><strong style=\"font-style: inherit; color: var( --e-global-color-astglobalcolor5 );\" data-start=\"593\" data-end=\"733\">prowadzenie rozm\u00f3w sprzeda\u017cowych, komunikowanie warto\u015bci oferty, prac\u0119 z obiekcjami klient\u00f3w oraz budowanie trwa\u0142ych relacji biznesowych<\/strong><span style=\"font-style: inherit; font-weight: inherit; color: var( --e-global-color-astglobalcolor5 );\">. Zaj\u0119cia prowadzone s\u0105 w formie <\/span><strong style=\"font-style: inherit; color: var( --e-global-color-astglobalcolor5 );\" data-start=\"766\" data-end=\"782\">warsztatowej<\/strong><span style=\"font-style: inherit; font-weight: inherit; color: var( --e-global-color-astglobalcolor5 );\">, z przyk\u0142adami praktycznymi i om\u00f3wieniem rzeczywistych sytuacji sprzeda\u017cowych.<\/span><\/p><p data-start=\"863\" data-end=\"1182\">Szkolenia realizowane s\u0105 <strong data-start=\"888\" data-end=\"907\">online, na \u017cywo<\/strong>, w ustalonych terminach, z mo\u017cliwo\u015bci\u0105 aktywnego udzia\u0142u uczestnik\u00f3w, zadawania pyta\u0144 oraz pracy na case studies. Programy s\u0105 dostosowane do <strong data-start=\"1049\" data-end=\"1086\">poziomu do\u015bwiadczenia uczestnik\u00f3w<\/strong>, a nacisk k\u0142adziony jest na <strong data-start=\"1115\" data-end=\"1181\">praktyczne zastosowanie wiedzy w codziennej pracy sprzeda\u017cowej<\/strong>.<\/p>\t\t\t\t\t\t\t\t<\/div>\n\t\t\t\t<\/div>\n\t\t\t\t<\/div>\n\t\t\t\t\t<\/div>\n\t\t\t\t<\/div>\n\t\t<div class=\"elementor-element elementor-element-1d4b099 e-flex e-con-boxed e-con e-parent\" data-id=\"1d4b099\" data-element_type=\"container\" data-e-type=\"container\">\n\t\t\t\t\t<div class=\"e-con-inner\">\n\t\t<div class=\"elementor-element elementor-element-9e1d056 e-con-full e-flex e-con e-child\" data-id=\"9e1d056\" data-element_type=\"container\" data-e-type=\"container\">\n\t\t<div class=\"elementor-element elementor-element-1ca97cdf e-con-full e-flex e-con e-child\" data-id=\"1ca97cdf\" data-element_type=\"container\" data-e-type=\"container\" data-settings=\"{&quot;background_background&quot;:&quot;classic&quot;}\">\n\t\t\t\t<div class=\"elementor-element elementor-element-4745daa3 elementor-widget elementor-widget-image\" data-id=\"4745daa3\" data-element_type=\"widget\" data-e-type=\"widget\" data-widget_type=\"image.default\">\n\t\t\t\t<div class=\"elementor-widget-container\">\n\t\t\t\t\t\t\t\t\t\t\t\t\t\t\t\t<a href=\"https:\/\/winners-szkolenia.pl\/wp-content\/uploads\/2026\/04\/Akademia-Handlowca.pdf.pdf\" target=\"_blank\">\n\t\t\t\t\t\t\t<img fetchpriority=\"high\" decoding=\"async\" width=\"768\" height=\"430\" src=\"https:\/\/winners-szkolenia.pl\/wp-content\/uploads\/2026\/01\/10-768x430.png\" class=\"attachment-medium_large size-medium_large wp-image-2092\" alt=\"\" srcset=\"https:\/\/winners-szkolenia.pl\/wp-content\/uploads\/2026\/01\/10-768x430.png 768w, https:\/\/winners-szkolenia.pl\/wp-content\/uploads\/2026\/01\/10-300x168.png 300w, https:\/\/winners-szkolenia.pl\/wp-content\/uploads\/2026\/01\/10-1024x573.png 1024w, https:\/\/winners-szkolenia.pl\/wp-content\/uploads\/2026\/01\/10-1536x860.png 1536w, https:\/\/winners-szkolenia.pl\/wp-content\/uploads\/2026\/01\/10.png 1600w\" sizes=\"(max-width: 768px) 100vw, 768px\" \/>\t\t\t\t\t\t\t\t<\/a>\n\t\t\t\t\t\t\t\t\t\t\t\t\t\t\t<\/div>\n\t\t\t\t<\/div>\n\t\t<div class=\"elementor-element elementor-element-166c76c1 e-con-full e-flex e-con e-child\" data-id=\"166c76c1\" data-element_type=\"container\" data-e-type=\"container\" data-settings=\"{&quot;background_background&quot;:&quot;classic&quot;}\">\n\t\t\t\t<div class=\"elementor-element elementor-element-537d65d7 elementor-align-center elementor-widget__width-initial elementor-widget elementor-widget-button\" data-id=\"537d65d7\" data-element_type=\"widget\" data-e-type=\"widget\" data-widget_type=\"button.default\">\n\t\t\t\t<div class=\"elementor-widget-container\">\n\t\t\t\t\t\t\t\t\t<div class=\"elementor-button-wrapper\">\n\t\t\t\t\t<a class=\"elementor-button elementor-button-link elementor-size-sm\" href=\"https:\/\/winners-szkolenia.pl\/wp-content\/uploads\/2026\/04\/Akademia-Handlowca.pdf.pdf\" target=\"_blank\">\n\t\t\t\t\t\t<span class=\"elementor-button-content-wrapper\">\n\t\t\t\t\t\t\t\t\t<span class=\"elementor-button-text\">Pobierz ofert\u0119<\/span>\n\t\t\t\t\t<\/span>\n\t\t\t\t\t<\/a>\n\t\t\t\t<\/div>\n\t\t\t\t\t\t\t\t<\/div>\n\t\t\t\t<\/div>\n\t\t\t\t<div class=\"elementor-element elementor-element-4b2525a1 elementor-align-center elementor-widget elementor-widget-button\" data-id=\"4b2525a1\" data-element_type=\"widget\" data-e-type=\"widget\" data-widget_type=\"button.default\">\n\t\t\t\t<div class=\"elementor-widget-container\">\n\t\t\t\t\t\t\t\t\t<div class=\"elementor-button-wrapper\">\n\t\t\t\t\t<a class=\"elementor-button elementor-button-link elementor-size-sm\" href=\"https:\/\/winners-szkolenia.pl\/wp-content\/uploads\/2026\/01\/Zgloszenie_Winners_online_BV.pdf\" target=\"_blank\">\n\t\t\t\t\t\t<span class=\"elementor-button-content-wrapper\">\n\t\t\t\t\t\t\t\t\t<span class=\"elementor-button-text\">Pobierz formularz zg\u0142oszeniowy<\/span>\n\t\t\t\t\t<\/span>\n\t\t\t\t\t<\/a>\n\t\t\t\t<\/div>\n\t\t\t\t\t\t\t\t<\/div>\n\t\t\t\t<\/div>\n\t\t\t\t<\/div>\n\t\t\t\t<\/div>\n\t\t<div class=\"elementor-element elementor-element-9f6311c e-con-full e-flex e-con e-child\" data-id=\"9f6311c\" data-element_type=\"container\" data-e-type=\"container\" data-settings=\"{&quot;background_background&quot;:&quot;classic&quot;}\">\n\t\t\t\t<div class=\"elementor-element elementor-element-25e8c334 elementor-widget elementor-widget-image\" data-id=\"25e8c334\" data-element_type=\"widget\" data-e-type=\"widget\" data-widget_type=\"image.default\">\n\t\t\t\t<div class=\"elementor-widget-container\">\n\t\t\t\t\t\t\t\t\t\t\t\t\t\t\t\t<a href=\"https:\/\/winners-szkolenia.pl\/wp-content\/uploads\/2026\/04\/TRENING-UMIEJETNOSCI-SPRZEDAZOWYCH.pdf\" target=\"_blank\">\n\t\t\t\t\t\t\t<img decoding=\"async\" width=\"768\" height=\"430\" src=\"https:\/\/winners-szkolenia.pl\/wp-content\/uploads\/2026\/02\/tus-768x430.png\" class=\"attachment-medium_large size-medium_large wp-image-2406\" alt=\"\" srcset=\"https:\/\/winners-szkolenia.pl\/wp-content\/uploads\/2026\/02\/tus-768x430.png 768w, https:\/\/winners-szkolenia.pl\/wp-content\/uploads\/2026\/02\/tus-300x168.png 300w, https:\/\/winners-szkolenia.pl\/wp-content\/uploads\/2026\/02\/tus-1024x573.png 1024w, https:\/\/winners-szkolenia.pl\/wp-content\/uploads\/2026\/02\/tus-1536x860.png 1536w, https:\/\/winners-szkolenia.pl\/wp-content\/uploads\/2026\/02\/tus.png 1600w\" sizes=\"(max-width: 768px) 100vw, 768px\" \/>\t\t\t\t\t\t\t\t<\/a>\n\t\t\t\t\t\t\t\t\t\t\t\t\t\t\t<\/div>\n\t\t\t\t<\/div>\n\t\t<div class=\"elementor-element elementor-element-3002b098 e-con-full e-flex e-con e-child\" data-id=\"3002b098\" data-element_type=\"container\" data-e-type=\"container\" data-settings=\"{&quot;background_background&quot;:&quot;classic&quot;}\">\n\t\t\t\t<div class=\"elementor-element elementor-element-2c41f4f elementor-align-center elementor-widget__width-initial elementor-widget elementor-widget-button\" data-id=\"2c41f4f\" data-element_type=\"widget\" data-e-type=\"widget\" data-widget_type=\"button.default\">\n\t\t\t\t<div class=\"elementor-widget-container\">\n\t\t\t\t\t\t\t\t\t<div class=\"elementor-button-wrapper\">\n\t\t\t\t\t<a class=\"elementor-button elementor-button-link elementor-size-sm\" href=\"https:\/\/winners-szkolenia.pl\/wp-content\/uploads\/2026\/03\/TRENING-UMIEJETNOSCI-SPRZEDAZOWYCH-1.pdf\" target=\"_blank\">\n\t\t\t\t\t\t<span class=\"elementor-button-content-wrapper\">\n\t\t\t\t\t\t\t\t\t<span class=\"elementor-button-text\">Pobierz ofert\u0119<\/span>\n\t\t\t\t\t<\/span>\n\t\t\t\t\t<\/a>\n\t\t\t\t<\/div>\n\t\t\t\t\t\t\t\t<\/div>\n\t\t\t\t<\/div>\n\t\t\t\t<div class=\"elementor-element elementor-element-5e96701e elementor-align-center elementor-widget elementor-widget-button\" data-id=\"5e96701e\" data-element_type=\"widget\" data-e-type=\"widget\" data-widget_type=\"button.default\">\n\t\t\t\t<div class=\"elementor-widget-container\">\n\t\t\t\t\t\t\t\t\t<div class=\"elementor-button-wrapper\">\n\t\t\t\t\t<a class=\"elementor-button elementor-button-link elementor-size-sm\" href=\"https:\/\/winners-szkolenia.pl\/wp-content\/uploads\/2026\/04\/Zgloszenie_Winners_onlie_WERSJA-START-i-PRO.pdf\" target=\"_blank\">\n\t\t\t\t\t\t<span class=\"elementor-button-content-wrapper\">\n\t\t\t\t\t\t\t\t\t<span class=\"elementor-button-text\">Pobierz formularz zg\u0142oszeniowy<\/span>\n\t\t\t\t\t<\/span>\n\t\t\t\t\t<\/a>\n\t\t\t\t<\/div>\n\t\t\t\t\t\t\t\t<\/div>\n\t\t\t\t<\/div>\n\t\t\t\t<\/div>\n\t\t\t\t<\/div>\n\t\t\t\t<\/div>\n\t\t\t\t\t<\/div>\n\t\t\t\t<\/div>\n\t\t\t\t<\/div>\n\t\t","protected":false},"excerpt":{"rendered":"<p>Szkolenia sprzeda\u017cowe \u2013 szkolenia otwarte online Oferujemy szkolenia sprzeda\u017cowe w formule otwartej online, skierowane do handlowc\u00f3w, doradc\u00f3w oraz os\u00f3b odpowiedzialnych [&hellip;]<\/p>\n","protected":false},"author":1,"featured_media":0,"parent":0,"menu_order":0,"comment_status":"closed","ping_status":"closed","template":"elementor_canvas","meta":{"_eb_attr":"","site-sidebar-layout":"no-sidebar","site-content-layout":"","ast-site-content-layout":"full-width-container","site-content-style":"default","site-sidebar-style":"default","ast-global-header-display":"","ast-banner-title-visibility":"","ast-main-header-display":"","ast-hfb-above-header-display":"","ast-hfb-below-header-display":"","ast-hfb-mobile-header-display":"","site-post-title":"","ast-breadcrumbs-content":"","ast-featured-img":"disabled","footer-sml-layout":"","ast-disable-related-posts":"","theme-transparent-header-meta":"","adv-header-id-meta":"","stick-header-meta":"","header-above-stick-meta":"","header-main-stick-meta":"","header-below-stick-meta":"","astra-migrate-meta-layouts":"default","ast-page-background-enabled":"default","ast-page-background-meta":{"desktop":{"background-color":"var(--ast-global-color-4)","background-image":"","background-repeat":"repeat","background-position":"center center","background-size":"auto","background-attachment":"scroll","background-type":"","background-media":"","overlay-type":"","overlay-color":"","overlay-opacity":"","overlay-gradient":""},"tablet":{"background-color":"","background-image":"","background-repeat":"repeat","background-position":"center center","background-size":"auto","background-attachment":"scroll","background-type":"","background-media":"","overlay-type":"","overlay-color":"","overlay-opacity":"","overlay-gradient":""},"mobile":{"background-color":"","background-image":"","background-repeat":"repeat","background-position":"center center","background-size":"auto","background-attachment":"scroll","background-type":"","background-media":"","overlay-type":"","overlay-color":"","overlay-opacity":"","overlay-gradient":""}},"ast-content-background-meta":{"desktop":{"background-color":"var(--ast-global-color-5)","background-image":"","background-repeat":"repeat","background-position":"center center","background-size":"auto","background-attachment":"scroll","background-type":"","background-media":"","overlay-type":"","overlay-color":"","overlay-opacity":"","overlay-gradient":""},"tablet":{"background-color":"var(--ast-global-color-5)","background-image":"","background-repeat":"repeat","background-position":"center center","background-size":"auto","background-attachment":"scroll","background-type":"","background-media":"","overlay-type":"","overlay-color":"","overlay-opacity":"","overlay-gradient":""},"mobile":{"background-color":"var(--ast-global-color-5)","background-image":"","background-repeat":"repeat","background-position":"center center","background-size":"auto","background-attachment":"scroll","background-type":"","background-media":"","overlay-type":"","overlay-color":"","overlay-opacity":"","overlay-gradient":""}},"footnotes":""},"class_list":["post-1054","page","type-page","status-publish","hentry"],"_links":{"self":[{"href":"https:\/\/winners-szkolenia.pl\/index.php\/wp-json\/wp\/v2\/pages\/1054","targetHints":{"allow":["GET"]}}],"collection":[{"href":"https:\/\/winners-szkolenia.pl\/index.php\/wp-json\/wp\/v2\/pages"}],"about":[{"href":"https:\/\/winners-szkolenia.pl\/index.php\/wp-json\/wp\/v2\/types\/page"}],"author":[{"embeddable":true,"href":"https:\/\/winners-szkolenia.pl\/index.php\/wp-json\/wp\/v2\/users\/1"}],"replies":[{"embeddable":true,"href":"https:\/\/winners-szkolenia.pl\/index.php\/wp-json\/wp\/v2\/comments?post=1054"}],"version-history":[{"count":82,"href":"https:\/\/winners-szkolenia.pl\/index.php\/wp-json\/wp\/v2\/pages\/1054\/revisions"}],"predecessor-version":[{"id":2564,"href":"https:\/\/winners-szkolenia.pl\/index.php\/wp-json\/wp\/v2\/pages\/1054\/revisions\/2564"}],"wp:attachment":[{"href":"https:\/\/winners-szkolenia.pl\/index.php\/wp-json\/wp\/v2\/media?parent=1054"}],"curies":[{"name":"wp","href":"https:\/\/api.w.org\/{rel}","templated":true}]}}